{"id":24268,"date":"2023-11-30T12:50:54","date_gmt":"2023-11-30T12:50:54","guid":{"rendered":"http:\/\/bybone.com\/contact\/"},"modified":"2024-01-21T12:23:20","modified_gmt":"2024-01-21T12:23:20","slug":"contact-3","status":"publish","type":"page","link":"https:\/\/bybone.com\/en\/contact-3\/","title":{"rendered":"Contact"},"content":{"rendered":"\t\t<div data-elementor-type=\"wp-page\" data-elementor-id=\"24268\" class=\"elementor elementor-24268 elementor-6785\">\n\t\t\t\t\t\t<div class=\" elementor-section elementor-top-section elementor-element elementor-element-ad5b575 elementor-section-boxed elementor-section-height-default elementor-section-height-default smart-sticky-default\" data-id=\"ad5b575\" data-element_type=\"section\">\r\n\t\t\t\t\t\t\t\t<div class=\"elementor-container elementor-column-gap-default\">\r\n\t\t\t\t\r\n\t\t\t\t\t\t\t\t<div class=\" elementor-column elementor-col-100 elementor-top-column elementor-element elementor-element-67d744c \" data-id=\"67d744c\" data-element_type=\"column\">\r\n\r\n\t\t\t\t\r\n\t\t\t\t<div class=\"elementor-widget-wrap elementor-element-populated\">\r\n\t\t\t\t\t\t\t\t\t\t\r\n\t\t\t\t\t\t<section class=\" elementor-section elementor-inner-section elementor-element elementor-element-9828ea8 our-stores mb-xl-0 mb-9 elementor-section-boxed elementor-section-height-default elementor-section-height-default smart-sticky-default elementor-invisible\" data-id=\"9828ea8\" data-element_type=\"section\" data-settings=\"{&quot;animation&quot;:&quot;fadeInUpShorter&quot;,&quot;animation_delay&quot;:400}\">\r\n\t\t\t\t\t\t\t\t<div class=\"elementor-container elementor-column-gap-default\">\r\n\t\t\t\t\r\n\t\t\t\t\t\t\t<!-- Start .elementor-column -->\r\n\t\t\t<div class=\" elementor-column elementor-col-100 elementor-inner-column elementor-element elementor-element-14419a6 \" data-id=\"14419a6\" data-element_type=\"column\">\r\n\t\t\t\t\t\t\t\t<!-- Start .elementor-column-wrap(optimize mode => .elementor-widget-wrap) -->\r\n\t\t\t\t<div class=\"elementor-widget-wrap elementor-element-populated\">\r\n\t\t\t\t\t\t\t\t\t\t\t\t\t<!-- Start .slider-container  -->\r\n\t\t\t\t\t<div class=\"w-100\">\r\n\t\t\t\t\t\t\t\t\t\t<!-- Start .slider-wrapper -->\r\n\t\t\t\t\t<div class=\" row cols-lg-2 cols-md-3 cols-sm-1 cols-1 cols-xl-2  slider-wrapper\" data-slider-options=\"{&quot;spaceBetween&quot;:30,&quot;pagination&quot;:true,&quot;effect&quot;:&quot;slide&quot;,&quot;slidesPerView&quot;:2,&quot;breakpoints&quot;:{&quot;2401&quot;:{&quot;slidesPerView&quot;:2},&quot;1440&quot;:{&quot;slidesPerView&quot;:2},&quot;1200&quot;:{&quot;slidesPerView&quot;:2},&quot;992&quot;:{&quot;slidesPerView&quot;:2},&quot;768&quot;:{&quot;slidesPerView&quot;:3},&quot;576&quot;:{&quot;slidesPerView&quot;:1},&quot;0&quot;:{&quot;slidesPerView&quot;:1}},&quot;statusClass&quot;:&quot;slider-dots-default&quot;}\">\r\n\t\t\t\t\t\t<div class=\"elementor-element elementor-element-3d36916 elementor-widget elementor-widget-udesign_widget_flipbox\" data-id=\"3d36916\" data-element_type=\"widget\" data-widget_type=\"udesign_widget_flipbox.default\">\r\n\t\t\t\t<div class=\"elementor-widget-container\">\n\t\t\t\t\t\r\n<div id=\"flipbox-3d36916\" class=\"flipbox slide fb-slide-left\" data-flipbox-settings=\"{\r\n\t'effect': fb-slide-left}\">\r\n\t<!-- Front Side Content -->\r\n\t<div id=\"flipbox_front-3d36916\" class=\"flipbox_front center-align\">\r\n\t\t\r\n\t\t<div class=\"flipbox-content\">\r\n\t\t\t<!-- Title -->\r\n\t\t\t\t\t\t<h3 class=\"flipbox-title\">\r\n\t\t\t\tISTANBUL\t\t\t<\/h3>\r\n\t\t\t\r\n\t\t\t<!-- Subtitle -->\r\n\t\t\t\t\t\t<h4 class=\"flipbox-subtitle\">\r\n\t\t\t\tSHOWROOM\t\t\t<\/h4>\r\n\t\t\t\r\n\t\t\t<!-- Description -->\r\n\t\t\t\r\n\t\t\t<!-- View more button -->\r\n\t\t\t\t\t<\/div>\r\n\t\t\t<\/div>\r\n\r\n\t<!-- Back Side Content -->\r\n\t<div id=\"flipbox_back-3d36916\" class=\"flipbox_back center-align\">\r\n\t\t\r\n\t\t<div class=\"flipbox-content\">\r\n\t\t\t<!-- Title -->\r\n\t\t\t\t\t\t<h3 class=\"flipbox-title\">\r\n\t\t\t\tISTANBUL SHOWROOM\t\t\t<\/h3>\r\n\t\t\t\r\n\t\t\t<!-- Subtitle -->\r\n\t\t\t\t\t\t<h4 class=\"flipbox-subtitle\">\r\n\t\t\t\tMahmutbey Mahallesi \u0130sto\u00e7 Toptanc\u0131lar \u00c7ar\u015f\u0131s\u0131 2446 Sk. Kuzey Plaza No:185 K:6 Ba\u011fc\u0131lar \/ Istanbul\t\t\t<\/h4>\r\n\t\t\t\r\n\t\t\t<!-- Description -->\r\n\t\t\t\t\t\t<p class=\"flipbox-description\">\r\n\t\t\t\tEmail : <a href=\"mailto:info@bybone.com.tr\">loinfo@bybone.com.tr<\/a><br>\nTel : <a href=\"tel:00902126599028\">+90 212 659 90 28<\/a>\t\t\t<\/p>\r\n\t\t\t\r\n\t\t\t<!-- View more button -->\r\n\t\t\t\t\t<\/div>\r\n\t\t\t<\/div>\r\n<\/div>\r\n\r\n\t\t\t\t<\/div>\n\t\t\t\t<\/div>\n\t\t\t\t<div class=\"elementor-element elementor-element-f7d879b elementor-widget elementor-widget-udesign_widget_flipbox\" data-id=\"f7d879b\" data-element_type=\"widget\" data-widget_type=\"udesign_widget_flipbox.default\">\r\n\t\t\t\t<div class=\"elementor-widget-container\">\n\t\t\t\t\t\r\n<div id=\"flipbox-f7d879b\" class=\"flipbox slide fb-slide-right\" data-flipbox-settings=\"{\r\n\t'effect': fb-slide-right}\">\r\n\t<!-- Front Side Content -->\r\n\t<div id=\"flipbox_front-f7d879b\" class=\"flipbox_front center-align\">\r\n\t\t\r\n\t\t<div class=\"flipbox-content\">\r\n\t\t\t<!-- Title -->\r\n\t\t\t\t\t\t<h3 class=\"flipbox-title\">\r\n\t\t\t\tIZMIR\t\t\t<\/h3>\r\n\t\t\t\r\n\t\t\t<!-- Subtitle -->\r\n\t\t\t\t\t\t<h4 class=\"flipbox-subtitle\">\r\n\t\t\t\tFACTORY\t\t\t<\/h4>\r\n\t\t\t\r\n\t\t\t<!-- Description -->\r\n\t\t\t\r\n\t\t\t<!-- View more button -->\r\n\t\t\t\t\t<\/div>\r\n\t\t\t<\/div>\r\n\r\n\t<!-- Back Side Content -->\r\n\t<div id=\"flipbox_back-f7d879b\" class=\"flipbox_back center-align\">\r\n\t\t\r\n\t\t<div class=\"flipbox-content\">\r\n\t\t\t<!-- Title -->\r\n\t\t\t\t\t\t<h3 class=\"flipbox-title\">\r\n\t\t\t\tIZMIR FACTORY\t\t\t<\/h3>\r\n\t\t\t\r\n\t\t\t<!-- Subtitle -->\r\n\t\t\t\t\t\t<h4 class=\"flipbox-subtitle\">\r\n\t\t\t\tGazi M.Kemal Mah. Gelisim Sk. No:2 Karakuyu-Torbal\u0131 \/ Izmir\t\t\t<\/h4>\r\n\t\t\t\r\n\t\t\t<!-- Description -->\r\n\t\t\t\t\t\t<p class=\"flipbox-description\">\r\n\t\t\t\tEmail : <a href=\"mailto:info@bybone.com.tr\">info@bybone.com.tr<\/a><br>\nTel : <a href=\"tel:00902328662565\">+90 232 866 25 65<\/a>\t\t\t<\/p>\r\n\t\t\t\r\n\t\t\t<!-- View more button -->\r\n\t\t\t\t\t<\/div>\r\n\t\t\t<\/div>\r\n<\/div>\r\n\r\n\t\t\t\t<\/div>\n\t\t\t\t<\/div>\n\t\t\t\t\t\t\t<\/div><!-- End .slider-wrapper -->\r\n\t\t\t\t\t<\/div><!-- End .slider-container -->\r\n\t\t\t\t\t\r\n\t\t\t\t\t\t\t\t<\/div> <!-- End optimize => .elementor-widget-wrap -->\r\n\t\t\t\t<\/div>\r\n\t\t\t\t<!-- End .elementor-column -->\r\n\t\t\t\t\t\t\t\t<\/div>\r\n\t\t\t<\/section>\r\n\t\t\t\t\t\t\t<\/div>\r\n\t\t\t\t<\/div>\r\n\t\t\t\t\t\t\t\t<\/div>\r\n\t\t\t<\/div>\r\n\t\t\t\t\t<section class=\" elementor-section elementor-top-section elementor-element elementor-element-e44e8f1 elementor-section-boxed elementor-section-height-default elementor-section-height-default smart-sticky-default\" data-id=\"e44e8f1\" data-element_type=\"section\">\r\n\t\t\t\t\t\t\t\t<div class=\"elementor-container elementor-column-gap-default\">\r\n\t\t\t\t\r\n\t\t\t\t\t\t\t\t<div class=\" elementor-column elementor-col-33 elementor-top-column elementor-element elementor-element-19d19e9 elementor-invisible \" data-id=\"19d19e9\" data-element_type=\"column\" data-settings=\"{&quot;background_background&quot;:&quot;classic&quot;,&quot;animation&quot;:&quot;fadeInLeftShorter&quot;}\">\r\n\r\n\t\t\t\t\r\n\t\t\t\t<div class=\"elementor-widget-wrap elementor-element-populated\">\r\n\t\t\t\t\t\t\t\t\t\t\r\n\t\t\t\t\t\t<div class=\"elementor-element elementor-element-f5b777f elementor-widget elementor-widget-heading\" data-id=\"f5b777f\" data-element_type=\"widget\" data-widget_type=\"heading.default\">\n\t\t\t\t<div class=\"elementor-widget-container\">\n\t\t\t\t\t<h2 class=\"elementor-heading-title elementor-size-default\">CONTACT INFO<\/h2>\t\t\t\t<\/div>\n\t\t\t\t<\/div>\n\t\t\t\t<div class=\"elementor-element elementor-element-96ef44e cs-contact-info elementor-widget elementor-widget-wp-widget-text\" data-id=\"96ef44e\" data-element_type=\"widget\" data-widget_type=\"wp-widget-text.default\">\n\t\t\t\t<div class=\"elementor-widget-container\">\n\t\t\t\t\t<div class=\"widget widget_text widget-collapsible\">\t\t\t<div class=\"textwidget\"><p><span style=\"font-size: 16px;line-height: 1.8;color: #111\"><label style=\"font-size: 20px\">Address :  <\/label><span style=\"color: #666\">Mahmutbey Mahallesi \u0130sto\u00e7 Toptanc\u0131lar \u00c7ar\u015f\u0131s\u0131 2446 Sk. Kuzey Plaza No:185 K:6 Ba\u011fc\u0131lar \/ Istanbul<\/span><\/span><\/p>\n<\/div>\n\t\t<\/div>\t\t\t\t<\/div>\n\t\t\t\t<\/div>\n\t\t\t\t<div class=\"elementor-element elementor-element-a04da38 cs-contact-info elementor-widget elementor-widget-wp-widget-text\" data-id=\"a04da38\" data-element_type=\"widget\" data-widget_type=\"wp-widget-text.default\">\n\t\t\t\t<div class=\"elementor-widget-container\">\n\t\t\t\t\t<div class=\"widget widget_text widget-collapsible\">\t\t\t<div class=\"textwidget\"><p><span style=\"font-size: 16px;line-height: 1.8;color: #111\"><label style=\"font-size: 20px\">Phone :  <\/label><br \/>\n<a href=\"tel:00902126599028\">+90 212 659 90 28<\/a><\/span><\/p>\n<\/div>\n\t\t<\/div>\t\t\t\t<\/div>\n\t\t\t\t<\/div>\n\t\t\t\t<div class=\"elementor-element elementor-element-a5cfef2 cs-contact-info elementor-widget elementor-widget-wp-widget-text\" data-id=\"a5cfef2\" data-element_type=\"widget\" data-widget_type=\"wp-widget-text.default\">\n\t\t\t\t<div class=\"elementor-widget-container\">\n\t\t\t\t\t<div class=\"widget widget_text widget-collapsible\">\t\t\t<div class=\"textwidget\"><p><span style=\"font-size: 16px;line-height: 1.8;color: #111\"><label style=\"font-size: 20px\">Email:<\/label><br \/>\n<a href=\"mailto:info@bybone.com.tr\">info@bybone.com.tr<\/a><\/span><\/p>\n<\/div>\n\t\t<\/div>\t\t\t\t<\/div>\n\t\t\t\t<\/div>\n\t\t\t\t\t\t<\/div>\r\n\t\t\t\t<\/div>\r\n\t\t\t\t\t\t\t\t\t<div class=\" elementor-column elementor-col-66 elementor-top-column elementor-element elementor-element-d28093a elementor-invisible \" data-id=\"d28093a\" data-element_type=\"column\" data-settings=\"{&quot;animation&quot;:&quot;fadeInRightShorter&quot;}\">\r\n\r\n\t\t\t\t\r\n\t\t\t\t<div class=\"elementor-widget-wrap elementor-element-populated\">\r\n\t\t\t\t\t\t\t\t\t\t\r\n\t\t\t\t\t\t<div class=\"elementor-element elementor-element-d5eb1d4 mb-5 mt-8 mt-md-0 elementor-widget elementor-widget-heading\" data-id=\"d5eb1d4\" data-element_type=\"widget\" data-widget_type=\"heading.default\">\n\t\t\t\t<div class=\"elementor-widget-container\">\n\t\t\t\t\t<h2 class=\"elementor-heading-title elementor-size-default\">MESSAGE<\/h2>\t\t\t\t<\/div>\n\t\t\t\t<\/div>\n\t\t\t\t<div class=\"elementor-element elementor-element-c4f2738 elementor-invisible elementor-widget elementor-widget-wpforms\" data-id=\"c4f2738\" data-element_type=\"widget\" data-settings=\"{&quot;_animation&quot;:&quot;fadeIn&quot;}\" data-widget_type=\"wpforms.default\">\n\t\t\t\t<div class=\"elementor-widget-container\">\n\t\t\t\t\t<div class=\"wpforms-container wpforms-container-full\" id=\"wpforms-5250\"><form id=\"wpforms-form-5250\" class=\"wpforms-validate wpforms-form\" data-formid=\"5250\" method=\"post\" enctype=\"multipart\/form-data\" action=\"\/en\/wp-json\/wp\/v2\/pages\/24268\" data-token=\"741ae0c1fdc43ace91a59b3c625b968d\" data-token-time=\"1776796792\"><noscript class=\"wpforms-error-noscript\">Please enable JavaScript in your browser to complete this form.<\/noscript><div class=\"wpforms-field-container\"><div id=\"wpforms-5250-field_1-container\" class=\"wpforms-field wpforms-field-name\" data-field-id=\"1\"><label class=\"wpforms-field-label wpforms-label-hide\" for=\"wpforms-5250-field_1\">Name <span class=\"wpforms-required-label\">*<\/span><\/label><input type=\"text\" id=\"wpforms-5250-field_1\" class=\"wpforms-field-large wpforms-field-required\" name=\"wpforms[fields][1]\" placeholder=\"Name *\" required><\/div><div id=\"wpforms-5250-field_2-container\" class=\"wpforms-field wpforms-field-email\" data-field-id=\"2\"><label class=\"wpforms-field-label wpforms-label-hide\" for=\"wpforms-5250-field_2\">Email <span class=\"wpforms-required-label\">*<\/span><\/label><input type=\"email\" id=\"wpforms-5250-field_2\" class=\"wpforms-field-large wpforms-field-required\" name=\"wpforms[fields][2]\" placeholder=\"E-Mail *\" spellcheck=\"false\" required><\/div><div id=\"wpforms-5250-field_3-container\" class=\"wpforms-field wpforms-field-text\" data-field-id=\"3\"><label class=\"wpforms-field-label wpforms-label-hide\" for=\"wpforms-5250-field_3\">Single Line Text <span class=\"wpforms-required-label\">*<\/span><\/label><input type=\"text\" id=\"wpforms-5250-field_3\" class=\"wpforms-field-large wpforms-field-required\" name=\"wpforms[fields][3]\" placeholder=\"Phone *\" required><\/div><div id=\"wpforms-5250-field_4-container\" class=\"wpforms-field wpforms-field-textarea\" data-field-id=\"4\"><label class=\"wpforms-field-label wpforms-label-hide\" for=\"wpforms-5250-field_4\">Paragraph Text<\/label><textarea id=\"wpforms-5250-field_4\" class=\"wpforms-field-medium\" name=\"wpforms[fields][4]\" placeholder=\"Message *\" ><\/textarea><\/div><\/div><!-- .wpforms-field-container --><div class=\"wpforms-submit-container\" ><input type=\"hidden\" name=\"wpforms[id]\" value=\"5250\"><input type=\"hidden\" name=\"page_title\" value=\"\"><input type=\"hidden\" name=\"page_url\" value=\"https:\/\/bybone.com\/en\/wp-json\/wp\/v2\/pages\/24268\"><button type=\"submit\" name=\"wpforms[submit]\" id=\"wpforms-submit-5250\" class=\"wpforms-submit btn btn-icon btn-icon-right wpforms-submit-icon\" data-alt-text=\"Sending...\" data-submit-text=\"&lt;span &gt;Send a Message&lt;\/span&gt;\" aria-live=\"assertive\" value=\"wpforms-submit\"><span >Send a Message<\/span><\/button><button type=\"submit\" name=\"wpforms[submit]\" id=\"wpforms-submit-5250\" class=\"wpforms-submit wpforms-submit-icon\" data-alt-text=\"Sending...\" data-submit-text=\"Send a Message\" aria-live=\"assertive\" value=\"wpforms-submit\">Send a Message<\/button><\/div><\/form><\/div>  <!-- .wpforms-container -->\t\t\t\t<\/div>\n\t\t\t\t<\/div>\n\t\t\t\t\t\t<\/div>\r\n\t\t\t\t<\/div>\r\n\t\t\t\t\t\t\t\t<\/div>\r\n\t\t\t<\/section>\r\n\t\t\t\t\t<div class=\" elementor-section elementor-top-section elementor-element elementor-element-99c0d76 elementor-section-full_width elementor-section-height-default elementor-section-height-default smart-sticky-default elementor-invisible\" data-id=\"99c0d76\" data-element_type=\"section\" data-settings=\"{&quot;animation&quot;:&quot;fadeIn&quot;}\">\r\n\t\t\t\t\t\t\t\t<div class=\"elementor-container elementor-column-gap-no\">\r\n\t\t\t\t\r\n\t\t\t\t\t\t\t\t<div class=\" elementor-column elementor-col-50 elementor-top-column elementor-element elementor-element-fdc534d \" data-id=\"fdc534d\" data-element_type=\"column\">\r\n\r\n\t\t\t\t\r\n\t\t\t\t<div class=\"elementor-widget-wrap elementor-element-populated\">\r\n\t\t\t\t\t\t\t\t\t\t\r\n\t\t\t\t\t\t<div class=\"elementor-element elementor-element-dc2b8ee elementor-widget elementor-widget-heading\" data-id=\"dc2b8ee\" data-element_type=\"widget\" data-widget_type=\"heading.default\">\n\t\t\t\t<div class=\"elementor-widget-container\">\n\t\t\t\t\t<h3 class=\"elementor-heading-title elementor-size-default\">Istanbul Showroom<\/h3>\t\t\t\t<\/div>\n\t\t\t\t<\/div>\n\t\t\t\t<div class=\"elementor-element elementor-element-dc2c4f7 elementor-widget elementor-widget-google_maps\" data-id=\"dc2c4f7\" data-element_type=\"widget\" data-widget_type=\"google_maps.default\">\n\t\t\t\t<div class=\"elementor-widget-container\">\n\t\t\t\t\t\t\t<div class=\"elementor-custom-embed\">\n\t\t\t<iframe loading=\"lazy\"\n\t\t\t\t\tsrc=\"https:\/\/maps.google.com\/maps?q=By%20Bone%20%7C%20Sima%20Porselen%20ve%20Mutfak%20E%C5%9Fyalar%C4%B1&#038;t=m&#038;z=11&#038;output=embed&#038;iwloc=near\"\n\t\t\t\t\ttitle=\"By Bone | Sima Porselen ve Mutfak E\u015fyalar\u0131\"\n\t\t\t\t\taria-label=\"By Bone | Sima Porselen ve Mutfak E\u015fyalar\u0131\"\n\t\t\t><\/iframe>\n\t\t<\/div>\n\t\t\t\t\t\t<\/div>\n\t\t\t\t<\/div>\n\t\t\t\t\t\t<\/div>\r\n\t\t\t\t<\/div>\r\n\t\t\t\t\t\t\t\t\t<div class=\" elementor-column elementor-col-50 elementor-top-column elementor-element elementor-element-1e7bb15 \" data-id=\"1e7bb15\" data-element_type=\"column\">\r\n\r\n\t\t\t\t\r\n\t\t\t\t<div class=\"elementor-widget-wrap elementor-element-populated\">\r\n\t\t\t\t\t\t\t\t\t\t\r\n\t\t\t\t\t\t<div class=\"elementor-element elementor-element-8bbd107 elementor-widget elementor-widget-heading\" data-id=\"8bbd107\" data-element_type=\"widget\" data-widget_type=\"heading.default\">\n\t\t\t\t<div class=\"elementor-widget-container\">\n\t\t\t\t\t<h3 class=\"elementor-heading-title elementor-size-default\">Izmir Factory<\/h3>\t\t\t\t<\/div>\n\t\t\t\t<\/div>\n\t\t\t\t<div class=\"elementor-element elementor-element-a5cfb63 elementor-widget elementor-widget-google_maps\" data-id=\"a5cfb63\" data-element_type=\"widget\" data-widget_type=\"google_maps.default\">\n\t\t\t\t<div class=\"elementor-widget-container\">\n\t\t\t\t\t\t\t<div class=\"elementor-custom-embed\">\n\t\t\t<iframe loading=\"lazy\"\n\t\t\t\t\tsrc=\"https:\/\/maps.google.com\/maps?q=BYBONE%20izmir&#038;t=m&#038;z=11&#038;output=embed&#038;iwloc=near\"\n\t\t\t\t\ttitle=\"BYBONE izmir\"\n\t\t\t\t\taria-label=\"BYBONE izmir\"\n\t\t\t><\/iframe>\n\t\t<\/div>\n\t\t\t\t\t\t<\/div>\n\t\t\t\t<\/div>\n\t\t\t\t\t\t<\/div>\r\n\t\t\t\t<\/div>\r\n\t\t\t\t\t\t\t\t<\/div>\r\n\t\t\t<\/div>\r\n\t\t\t\t\t<\/div>\n\t\t","protected":false},"excerpt":{"rendered":"<p>ISTANBUL SHOWROOM ISTANBUL SHOWROOM Mahmutbey Mahallesi \u0130sto\u00e7 Toptanc\u0131lar \u00c7ar\u015f\u0131s\u0131 2446 Sk. Kuzey Plaza No:185 K:6 Ba\u011fc\u0131lar \/ Istanbul Email : loinfo@bybone.com.tr Tel : +90 212 659 90 28 IZMIR FACTORY IZMIR FACTORY Gazi M.Kemal Mah. Gelisim Sk. No:2 Karakuyu-Torbal\u0131 \/ Izmir Email : info@bybone.com.tr Tel : +90 232 866 25 65 CONTACT INFO MESSAGE Bu [&hellip;]<\/p>\n","protected":false},"author":1,"featured_media":0,"parent":0,"menu_order":0,"comment_status":"closed","ping_status":"closed","template":"","meta":{"_acf_changed":false,"footnotes":""},"class_list":["post-24268","page","type-page","status-publish","hentry"],"acf":[],"yoast_head":"<!-- This site is optimized with the Yoast SEO plugin v24.4 - https:\/\/yoast.com\/wordpress\/plugins\/seo\/ -->\n<title>Contact - BY BONE<\/title>\n<meta name=\"robots\" content=\"index, follow, max-snippet:-1, max-image-preview:large, max-video-preview:-1\" \/>\n<link rel=\"canonical\" href=\"https:\/\/bybone.com\/en\/contact-3\/\" \/>\n<meta property=\"og:locale\" content=\"en_US\" \/>\n<meta property=\"og:type\" content=\"article\" \/>\n<meta property=\"og:title\" content=\"Contact - BY BONE\" \/>\n<meta property=\"og:description\" content=\"ISTANBUL SHOWROOM ISTANBUL SHOWROOM Mahmutbey Mahallesi \u0130sto\u00e7 Toptanc\u0131lar \u00c7ar\u015f\u0131s\u0131 2446 Sk. Kuzey Plaza No:185 K:6 Ba\u011fc\u0131lar \/ Istanbul Email : loinfo@bybone.com.tr Tel : +90 212 659 90 28 IZMIR FACTORY IZMIR FACTORY Gazi M.Kemal Mah. Gelisim Sk. No:2 Karakuyu-Torbal\u0131 \/ Izmir Email : info@bybone.com.tr Tel : +90 232 866 25 65 CONTACT INFO MESSAGE Bu [&hellip;]\" \/>\n<meta property=\"og:url\" content=\"https:\/\/bybone.com\/en\/contact-3\/\" \/>\n<meta property=\"og:site_name\" content=\"BY BONE\" \/>\n<meta property=\"article:publisher\" content=\"https:\/\/www.facebook.com\/profile.php?id=100063149175574\" \/>\n<meta property=\"article:modified_time\" content=\"2024-01-21T12:23:20+00:00\" \/>\n<meta name=\"twitter:card\" content=\"summary_large_image\" \/>\n<meta name=\"twitter:site\" content=\"@bybonetr\" \/>\n<script type=\"application\/ld+json\" class=\"yoast-schema-graph\">{\"@context\":\"https:\/\/schema.org\",\"@graph\":[{\"@type\":\"WebPage\",\"@id\":\"https:\/\/bybone.com\/en\/contact-3\/\",\"url\":\"https:\/\/bybone.com\/en\/contact-3\/\",\"name\":\"Contact - BY BONE\",\"isPartOf\":{\"@id\":\"https:\/\/bybone.com\/en\/#website\"},\"datePublished\":\"2023-11-30T12:50:54+00:00\",\"dateModified\":\"2024-01-21T12:23:20+00:00\",\"breadcrumb\":{\"@id\":\"https:\/\/bybone.com\/en\/contact-3\/#breadcrumb\"},\"inLanguage\":\"en-US\",\"potentialAction\":[{\"@type\":\"ReadAction\",\"target\":[\"https:\/\/bybone.com\/en\/contact-3\/\"]}]},{\"@type\":\"BreadcrumbList\",\"@id\":\"https:\/\/bybone.com\/en\/contact-3\/#breadcrumb\",\"itemListElement\":[{\"@type\":\"ListItem\",\"position\":1,\"name\":\"Anasayfa\",\"item\":\"https:\/\/bybone.com\/en\/\"},{\"@type\":\"ListItem\",\"position\":2,\"name\":\"Contact\"}]},{\"@type\":\"WebSite\",\"@id\":\"https:\/\/bybone.com\/en\/#website\",\"url\":\"https:\/\/bybone.com\/en\/\",\"name\":\"BY BONE\",\"description\":\"\",\"publisher\":{\"@id\":\"https:\/\/bybone.com\/en\/#organization\"},\"potentialAction\":[{\"@type\":\"SearchAction\",\"target\":{\"@type\":\"EntryPoint\",\"urlTemplate\":\"https:\/\/bybone.com\/en\/?s={search_term_string}\"},\"query-input\":{\"@type\":\"PropertyValueSpecification\",\"valueRequired\":true,\"valueName\":\"search_term_string\"}}],\"inLanguage\":\"en-US\"},{\"@type\":\"Organization\",\"@id\":\"https:\/\/bybone.com\/en\/#organization\",\"name\":\"BY BONE\",\"url\":\"https:\/\/bybone.com\/en\/\",\"logo\":{\"@type\":\"ImageObject\",\"inLanguage\":\"en-US\",\"@id\":\"https:\/\/bybone.com\/en\/#\/schema\/logo\/image\/\",\"url\":\"https:\/\/bybone.com\/wp-content\/uploads\/2023\/12\/logow300_white.png\",\"contentUrl\":\"https:\/\/bybone.com\/wp-content\/uploads\/2023\/12\/logow300_white.png\",\"width\":300,\"height\":193,\"caption\":\"BY BONE\"},\"image\":{\"@id\":\"https:\/\/bybone.com\/en\/#\/schema\/logo\/image\/\"},\"sameAs\":[\"https:\/\/www.facebook.com\/profile.php?id=100063149175574\",\"https:\/\/x.com\/bybonetr\",\"https:\/\/www.instagram.com\/bybone.tr\",\"https:\/\/www.linkedin.com\/company\/bybone\/\"]}]}<\/script>\n<!-- \/ Yoast SEO plugin. -->","yoast_head_json":{"title":"Contact - BY BONE","robots":{"index":"index","follow":"follow","max-snippet":"max-snippet:-1","max-image-preview":"max-image-preview:large","max-video-preview":"max-video-preview:-1"},"canonical":"https:\/\/bybone.com\/en\/contact-3\/","og_locale":"en_US","og_type":"article","og_title":"Contact - BY BONE","og_description":"ISTANBUL SHOWROOM ISTANBUL SHOWROOM Mahmutbey Mahallesi \u0130sto\u00e7 Toptanc\u0131lar \u00c7ar\u015f\u0131s\u0131 2446 Sk. Kuzey Plaza No:185 K:6 Ba\u011fc\u0131lar \/ Istanbul Email : loinfo@bybone.com.tr Tel : +90 212 659 90 28 IZMIR FACTORY IZMIR FACTORY Gazi M.Kemal Mah. Gelisim Sk. No:2 Karakuyu-Torbal\u0131 \/ Izmir Email : info@bybone.com.tr Tel : +90 232 866 25 65 CONTACT INFO MESSAGE Bu [&hellip;]","og_url":"https:\/\/bybone.com\/en\/contact-3\/","og_site_name":"BY BONE","article_publisher":"https:\/\/www.facebook.com\/profile.php?id=100063149175574","article_modified_time":"2024-01-21T12:23:20+00:00","twitter_card":"summary_large_image","twitter_site":"@bybonetr","schema":{"@context":"https:\/\/schema.org","@graph":[{"@type":"WebPage","@id":"https:\/\/bybone.com\/en\/contact-3\/","url":"https:\/\/bybone.com\/en\/contact-3\/","name":"Contact - BY BONE","isPartOf":{"@id":"https:\/\/bybone.com\/en\/#website"},"datePublished":"2023-11-30T12:50:54+00:00","dateModified":"2024-01-21T12:23:20+00:00","breadcrumb":{"@id":"https:\/\/bybone.com\/en\/contact-3\/#breadcrumb"},"inLanguage":"en-US","potentialAction":[{"@type":"ReadAction","target":["https:\/\/bybone.com\/en\/contact-3\/"]}]},{"@type":"BreadcrumbList","@id":"https:\/\/bybone.com\/en\/contact-3\/#breadcrumb","itemListElement":[{"@type":"ListItem","position":1,"name":"Anasayfa","item":"https:\/\/bybone.com\/en\/"},{"@type":"ListItem","position":2,"name":"Contact"}]},{"@type":"WebSite","@id":"https:\/\/bybone.com\/en\/#website","url":"https:\/\/bybone.com\/en\/","name":"BY BONE","description":"","publisher":{"@id":"https:\/\/bybone.com\/en\/#organization"},"potentialAction":[{"@type":"SearchAction","target":{"@type":"EntryPoint","urlTemplate":"https:\/\/bybone.com\/en\/?s={search_term_string}"},"query-input":{"@type":"PropertyValueSpecification","valueRequired":true,"valueName":"search_term_string"}}],"inLanguage":"en-US"},{"@type":"Organization","@id":"https:\/\/bybone.com\/en\/#organization","name":"BY BONE","url":"https:\/\/bybone.com\/en\/","logo":{"@type":"ImageObject","inLanguage":"en-US","@id":"https:\/\/bybone.com\/en\/#\/schema\/logo\/image\/","url":"https:\/\/bybone.com\/wp-content\/uploads\/2023\/12\/logow300_white.png","contentUrl":"https:\/\/bybone.com\/wp-content\/uploads\/2023\/12\/logow300_white.png","width":300,"height":193,"caption":"BY BONE"},"image":{"@id":"https:\/\/bybone.com\/en\/#\/schema\/logo\/image\/"},"sameAs":["https:\/\/www.facebook.com\/profile.php?id=100063149175574","https:\/\/x.com\/bybonetr","https:\/\/www.instagram.com\/bybone.tr","https:\/\/www.linkedin.com\/company\/bybone\/"]}]}},"_links":{"self":[{"href":"https:\/\/bybone.com\/en\/wp-json\/wp\/v2\/pages\/24268","targetHints":{"allow":["GET"]}}],"collection":[{"href":"https:\/\/bybone.com\/en\/wp-json\/wp\/v2\/pages"}],"about":[{"href":"https:\/\/bybone.com\/en\/wp-json\/wp\/v2\/types\/page"}],"author":[{"embeddable":true,"href":"https:\/\/bybone.com\/en\/wp-json\/wp\/v2\/users\/1"}],"replies":[{"embeddable":true,"href":"https:\/\/bybone.com\/en\/wp-json\/wp\/v2\/comments?post=24268"}],"version-history":[{"count":2,"href":"https:\/\/bybone.com\/en\/wp-json\/wp\/v2\/pages\/24268\/revisions"}],"predecessor-version":[{"id":24274,"href":"https:\/\/bybone.com\/en\/wp-json\/wp\/v2\/pages\/24268\/revisions\/24274"}],"wp:attachment":[{"href":"https:\/\/bybone.com\/en\/wp-json\/wp\/v2\/media?parent=24268"}],"curies":[{"name":"wp","href":"https:\/\/api.w.org\/{rel}","templated":true}]}}