{"id":63868,"date":"2025-01-21T08:36:28","date_gmt":"2025-01-21T08:36:28","guid":{"rendered":"https:\/\/bybone.com\/career-application-form\/"},"modified":"2025-01-23T12:28:06","modified_gmt":"2025-01-23T12:28:06","slug":"career-application-form","status":"publish","type":"page","link":"https:\/\/bybone.com\/en\/career-application-form\/","title":{"rendered":"Career Application Form"},"content":{"rendered":"\t\t<div data-elementor-type=\"wp-page\" data-elementor-id=\"63868\" class=\"elementor elementor-63868 elementor-63863\">\n\t\t\t\t\t\t\t<div class=\" elementor-element elementor-element-1e51f78 e-flex e-con-boxed e-con e-parent\" data-id=\"1e51f78\" data-element_type=\"container\">\r\n\t\t\t\t\t\t\t<div class=\"e-con-inner\">\r\n\t\t\t\t\t\t<div class=\"elementor-element elementor-element-42b141f elementor-widget elementor-widget-text-editor\" data-id=\"42b141f\" data-element_type=\"widget\" data-widget_type=\"text-editor.default\">\n\t\t\t\t<div class=\"elementor-widget-container\">\n\t\t\t\t\t\t\t\t\t<p><em>(*) Please enter the prioritized data in the required fields correctly. Please make sure that you fill in all the required fields in order to submit the form successfully.  <\/em><\/p>\n\t\t\t\t\t\t\t\t<\/div>\n\t\t\t\t<\/div>\n\t\t\t\t<div class=\"elementor-element elementor-element-f116828 elementor-widget elementor-widget-udesign_widget_contact_form\" data-id=\"f116828\" data-element_type=\"widget\" data-widget_type=\"udesign_widget_contact_form.default\">\n\t\t\t\t<div class=\"elementor-widget-container\">\n\t\t\t\t\t\n<div class=\"wpcf7 no-js\" id=\"wpcf7-f63858-o1\" lang=\"en-US\" dir=\"ltr\" data-wpcf7-id=\"63858\">\n<div class=\"screen-reader-response\"><p role=\"status\" aria-live=\"polite\" aria-atomic=\"true\"><\/p> <ul><\/ul><\/div>\n<form action=\"\/en\/wp-json\/wp\/v2\/pages\/63868#wpcf7-f63858-o1\" method=\"post\" class=\"wpcf7-form init\" aria-label=\"Contact form\" enctype=\"multipart\/form-data\" novalidate=\"novalidate\" data-status=\"init\">\n<div style=\"display: none;\">\n<input type=\"hidden\" name=\"_wpcf7\" value=\"63858\" \/>\n<input type=\"hidden\" name=\"_wpcf7_version\" value=\"6.0.3\" \/>\n<input type=\"hidden\" name=\"_wpcf7_locale\" value=\"en_US\" \/>\n<input type=\"hidden\" name=\"_wpcf7_unit_tag\" value=\"wpcf7-f63858-o1\" \/>\n<input type=\"hidden\" name=\"_wpcf7_container_post\" value=\"0\" \/>\n<input type=\"hidden\" name=\"_wpcf7_posted_data_hash\" value=\"\" \/>\n<input type=\"hidden\" name=\"_wpcf7_recaptcha_response\" value=\"\" \/>\n<\/div>\n<div class=\"row cols-2\">\n\t<div class=\"frmcol\">\n\t\t<p><br \/>\n<label class=\"form-label\" for=\"nereden-ulastiniz\">Where Did You Contact Us?<\/label><br \/>\n<span class=\"wpcf7-form-control-wrap\" data-name=\"nereden-ulastiniz\"><select class=\"wpcf7-form-control wpcf7-select wpcf7-validates-as-required form-control\" id=\"nereden-ulastiniz\" aria-required=\"true\" aria-invalid=\"false\" name=\"nereden-ulastiniz\"><option value=\"\">&#8212;Please choose an option&#8212;<\/option><option value=\"Friend\/Acquaintance Recommendation\">Friend\/Acquaintance Recommendation<\/option><option value=\"Store QR Code\">Store QR Code<\/option><option value=\"Store Official\">Store Official<\/option><option value=\"Kariyer.net\">Kariyer.net<\/option><option value=\"Secretcv\">Secretcv<\/option><option value=\"Eleman.net\">Eleman.net<\/option><option value=\"Linkedin\">Linkedin<\/option><option value=\"\u0130\u015fin Olsun\">\u0130\u015fin Olsun<\/option><option value=\"Instagram\">Instagram<\/option><option value=\"Other\">Other<\/option><\/select><\/span>\n\t\t<\/p>\n\t<\/div>\n<\/div>\n<div class=\"row cols-2\">\n\t<div class=\"frmcol\">\n\t\t<p><br \/>\n<label class=\"form-label\" for=\"firstname\">Your Name<\/label><br \/>\n<span class=\"wpcf7-form-control-wrap\" data-name=\"firstname\"><input size=\"40\" maxlength=\"400\" class=\"wpcf7-form-control wpcf7-text wpcf7-validates-as-required form-control\" autocomplete=\"name\" aria-required=\"true\" aria-invalid=\"false\" value=\"\" type=\"text\" name=\"firstname\" \/><\/span>\n\t\t<\/p>\n\t<\/div>\n\t<div class=\"frmcol\">\n\t\t<p><br \/>\n<label class=\"form-label\" for=\"lastname\">Your last name<\/label><br \/>\n<span class=\"wpcf7-form-control-wrap\" data-name=\"lastname\"><input size=\"40\" maxlength=\"400\" class=\"wpcf7-form-control wpcf7-text wpcf7-validates-as-required form-control\" autocomplete=\"lastname\" aria-required=\"true\" aria-invalid=\"false\" value=\"\" type=\"text\" name=\"lastname\" \/><\/span>\n\t\t<\/p>\n\t<\/div>\n<\/div>\n<div class=\"row cols-2\">\n\t<div class=\"frmcol\">\n\t\t<p><br \/>\n<label class=\"form-label\" for=\"temail\">Email<\/label><br \/>\n<span class=\"wpcf7-form-control-wrap\" data-name=\"temail\"><input size=\"40\" maxlength=\"400\" class=\"wpcf7-form-control wpcf7-email wpcf7-validates-as-required wpcf7-text wpcf7-validates-as-email form-control\" autocomplete=\"email\" aria-required=\"true\" aria-invalid=\"false\" value=\"\" type=\"email\" name=\"temail\" \/><\/span>\n\t\t<\/p>\n\t<\/div>\n\t<div class=\"frmcol\">\n\t\t<p><br \/>\n<label class=\"form-label\" for=\"tphone\">Telephone<\/label><br \/>\n<span class=\"wpcf7-form-control-wrap\" data-name=\"tphone\"><input size=\"40\" maxlength=\"400\" class=\"wpcf7-form-control wpcf7-tel wpcf7-validates-as-required wpcf7-text wpcf7-validates-as-tel form-control\" autocomplete=\"phone\" aria-required=\"true\" aria-invalid=\"false\" value=\"\" type=\"tel\" name=\"tphone\" \/><\/span>\n\t\t<\/p>\n\t<\/div>\n<\/div>\n<div class=\"row cols-2\">\n\t<div class=\"frmcol\">\n\t\t<p><br \/>\n<label class=\"form-label\" for=\"fcity\">City you live in<\/label><br \/>\n<span class=\"wpcf7-form-control-wrap\" data-name=\"fcity\"><input size=\"40\" maxlength=\"400\" class=\"wpcf7-form-control wpcf7-text wpcf7-validates-as-required form-control\" aria-required=\"true\" aria-invalid=\"false\" value=\"\" type=\"text\" name=\"fcity\" \/><\/span>\n\t\t<\/p>\n\t<\/div>\n\t<div class=\"frmcol\">\n\t\t<p><br \/>\n<label class=\"form-label\" for=\"fdistrict\">District<\/label><br \/>\n<span class=\"wpcf7-form-control-wrap\" data-name=\"fdistrict\"><input size=\"40\" maxlength=\"400\" class=\"wpcf7-form-control wpcf7-text wpcf7-validates-as-required form-control\" aria-required=\"true\" aria-invalid=\"false\" value=\"\" type=\"text\" name=\"fdistrict\" \/><\/span>\n\t\t<\/p>\n\t<\/div>\n<\/div>\n<div class=\"row cols-2\">\n\t<div class=\"frmcol\">\n\t\t<p><br \/>\n<label class=\"form-label\" for=\"dtarihi\">Date of Birth<\/label><br \/>\n<span class=\"wpcf7-form-control-wrap\" data-name=\"dtarihi\"><input class=\"wpcf7-form-control wpcf7-date wpcf7-validates-as-required wpcf7-validates-as-date form-control\" autocomplete=\"bday\" aria-required=\"true\" aria-invalid=\"false\" value=\"\" type=\"date\" name=\"dtarihi\" \/><\/span>\n\t\t<\/p>\n\t<\/div>\n\t<div class=\"frmcol\">\n\t\t<p><br \/>\n<label class=\"form-label\" for=\"fGender\">Gender<\/label><br \/>\n<span class=\"wpcf7-form-control-wrap\" data-name=\"fGender\"><select class=\"wpcf7-form-control wpcf7-select wpcf7-validates-as-required form-control\" aria-required=\"true\" aria-invalid=\"false\" name=\"fGender\"><option value=\"\">&#8212;Please choose an option&#8212;<\/option><option value=\"Female\">Female<\/option><option value=\"Male\">Male<\/option><\/select><\/span>\n\t\t<\/p>\n\t<\/div>\n<\/div>\n<div class=\"row cols-2\">\n\t<div class=\"frmcol\">\n\t\t<p><br \/>\n<label class=\"form-label\" for=\"fMezuniyet\">Graduation<\/label><br \/>\n<span class=\"wpcf7-form-control-wrap\" data-name=\"fMezuniyet\"><select class=\"wpcf7-form-control wpcf7-select wpcf7-validates-as-required form-control\" aria-required=\"true\" aria-invalid=\"false\" name=\"fMezuniyet\"><option value=\"\">&#8212;Please choose an option&#8212;<\/option><option value=\"Primary School\">Primary School<\/option><option value=\"Secondary School\">Secondary School<\/option><option value=\"High School\">High School<\/option><option value=\"Associate Degree\">Associate Degree<\/option><option value=\"Bachelor&#039;s Degree\">Bachelor&#039;s Degree<\/option><option value=\"Master&#039;s Degree\">Master&#039;s Degree<\/option><option value=\"Doctorate\">Doctorate<\/option><\/select><\/span>\n\t\t<\/p>\n\t<\/div>\n\t<div class=\"frmcol\">\n\t\t<p><br \/>\n<label class=\"form-label\" for=\"fDepartman\">Department you want to work in<\/label><br \/>\n<span class=\"wpcf7-form-control-wrap\" data-name=\"fDepartman\"><input size=\"40\" maxlength=\"400\" class=\"wpcf7-form-control wpcf7-text wpcf7-validates-as-required form-control\" aria-required=\"true\" aria-invalid=\"false\" value=\"\" type=\"text\" name=\"fDepartman\" \/><\/span>\n\t\t<\/p>\n\t<\/div>\n<\/div>\n<div class=\"row cols-2\">\n\t<div class=\"frmcol\">\n\t\t<p><br \/>\n<label class=\"form-label\" for=\"Ozgecmis\">Upload Your Resume<\/label><br \/>\n<span class=\"wpcf7-form-control-wrap\" data-name=\"Ozgecmis\"><input size=\"40\" class=\"wpcf7-form-control wpcf7-file wpcf7-validates-as-required\" accept=\".doc,.docx,.pdf\" aria-required=\"true\" aria-invalid=\"false\" type=\"file\" name=\"Ozgecmis\" \/><\/span>\n\t\t<\/p>\n\t<\/div>\n\t<div class=\"frmcol\">\n\t\t<p style=\"text-align:right;padding-top: 60px;\"><br \/>\n<button class=\"wpcf7-form-control wpcf7-submit has-spinner frmsubmit wpforms-submit wpforms-submit-icon\" type=\"submit\" value=\"Send\">Send<\/button>\n\t\t<\/p>\n\t<\/div>\n<\/div><div class=\"wpcf7-response-output\" aria-hidden=\"true\"><\/div>\n<\/form>\n<\/div>\n\t\t\t\t<\/div>\n\t\t\t\t<\/div>\n\t\t\t\t\t\t<\/div>\r\n\t\t\t\t\r\n\t\t\t<\/div>\r\n\t\t\t\t\t<\/div>\n\t\t","protected":false},"excerpt":{"rendered":"<p>(*) Please enter the prioritized data in the required fields correctly. Please make sure that you fill in all the required fields in order to submit the form successfully. Bize Nereden Ula\u015ft\u0131n\u0131z? &#8212;L\u00fctfen bir se\u00e7enek se\u00e7in&#8212;Arkada\u015f\/Tan\u0131d\u0131k \u00d6nerisiMa\u011faza QR KodMa\u011faza YetkilisiKariyer.netSecretcvEleman.netLinkedin\u0130\u015fin OlsunInstagramDi\u011fer Ad\u0131n\u0131z Soyad\u0131n\u0131z Email Telefon Ya\u015fad\u0131\u011f\u0131n\u0131z \u015eehir \u0130l\u00e7e Do\u011fum Tarihi Cinsiyet &#8212;L\u00fctfen bir se\u00e7enek se\u00e7in&#8212;Kad\u0131nErkek [&hellip;]<\/p>\n","protected":false},"author":1,"featured_media":0,"parent":0,"menu_order":0,"comment_status":"closed","ping_status":"closed","template":"","meta":{"_acf_changed":false,"footnotes":""},"class_list":["post-63868","page","type-page","status-publish","hentry"],"acf":[],"yoast_head":"<!-- This site is optimized with the Yoast SEO plugin v24.4 - https:\/\/yoast.com\/wordpress\/plugins\/seo\/ -->\n<title>Career Application Form - BY BONE<\/title>\n<meta name=\"robots\" content=\"index, follow, max-snippet:-1, max-image-preview:large, max-video-preview:-1\" \/>\n<link rel=\"canonical\" href=\"https:\/\/bybone.com\/en\/career-application-form\/\" \/>\n<meta property=\"og:locale\" content=\"en_US\" \/>\n<meta property=\"og:type\" content=\"article\" \/>\n<meta property=\"og:title\" content=\"Career Application Form - BY BONE\" \/>\n<meta property=\"og:description\" content=\"(*) Please enter the prioritized data in the required fields correctly. Please make sure that you fill in all the required fields in order to submit the form successfully. Bize Nereden Ula\u015ft\u0131n\u0131z? &#8212;L\u00fctfen bir se\u00e7enek se\u00e7in&#8212;Arkada\u015f\/Tan\u0131d\u0131k \u00d6nerisiMa\u011faza QR KodMa\u011faza YetkilisiKariyer.netSecretcvEleman.netLinkedin\u0130\u015fin OlsunInstagramDi\u011fer Ad\u0131n\u0131z Soyad\u0131n\u0131z Email Telefon Ya\u015fad\u0131\u011f\u0131n\u0131z \u015eehir \u0130l\u00e7e Do\u011fum Tarihi Cinsiyet &#8212;L\u00fctfen bir se\u00e7enek se\u00e7in&#8212;Kad\u0131nErkek [&hellip;]\" \/>\n<meta property=\"og:url\" content=\"https:\/\/bybone.com\/en\/career-application-form\/\" \/>\n<meta property=\"og:site_name\" content=\"BY BONE\" \/>\n<meta property=\"article:publisher\" content=\"https:\/\/www.facebook.com\/profile.php?id=100063149175574\" \/>\n<meta property=\"article:modified_time\" content=\"2025-01-23T12:28:06+00:00\" \/>\n<meta name=\"twitter:card\" content=\"summary_large_image\" \/>\n<meta name=\"twitter:site\" content=\"@bybonetr\" \/>\n<meta name=\"twitter:label1\" content=\"Est. reading time\" \/>\n\t<meta name=\"twitter:data1\" content=\"1 minute\" \/>\n<script type=\"application\/ld+json\" class=\"yoast-schema-graph\">{\"@context\":\"https:\/\/schema.org\",\"@graph\":[{\"@type\":\"WebPage\",\"@id\":\"https:\/\/bybone.com\/en\/career-application-form\/\",\"url\":\"https:\/\/bybone.com\/en\/career-application-form\/\",\"name\":\"Career Application Form - BY BONE\",\"isPartOf\":{\"@id\":\"https:\/\/bybone.com\/en\/#website\"},\"datePublished\":\"2025-01-21T08:36:28+00:00\",\"dateModified\":\"2025-01-23T12:28:06+00:00\",\"breadcrumb\":{\"@id\":\"https:\/\/bybone.com\/en\/career-application-form\/#breadcrumb\"},\"inLanguage\":\"en-US\",\"potentialAction\":[{\"@type\":\"ReadAction\",\"target\":[\"https:\/\/bybone.com\/en\/career-application-form\/\"]}]},{\"@type\":\"BreadcrumbList\",\"@id\":\"https:\/\/bybone.com\/en\/career-application-form\/#breadcrumb\",\"itemListElement\":[{\"@type\":\"ListItem\",\"position\":1,\"name\":\"Anasayfa\",\"item\":\"https:\/\/bybone.com\/en\/\"},{\"@type\":\"ListItem\",\"position\":2,\"name\":\"Career Application Form\"}]},{\"@type\":\"WebSite\",\"@id\":\"https:\/\/bybone.com\/en\/#website\",\"url\":\"https:\/\/bybone.com\/en\/\",\"name\":\"BY BONE\",\"description\":\"\",\"publisher\":{\"@id\":\"https:\/\/bybone.com\/en\/#organization\"},\"potentialAction\":[{\"@type\":\"SearchAction\",\"target\":{\"@type\":\"EntryPoint\",\"urlTemplate\":\"https:\/\/bybone.com\/en\/?s={search_term_string}\"},\"query-input\":{\"@type\":\"PropertyValueSpecification\",\"valueRequired\":true,\"valueName\":\"search_term_string\"}}],\"inLanguage\":\"en-US\"},{\"@type\":\"Organization\",\"@id\":\"https:\/\/bybone.com\/en\/#organization\",\"name\":\"BY BONE\",\"url\":\"https:\/\/bybone.com\/en\/\",\"logo\":{\"@type\":\"ImageObject\",\"inLanguage\":\"en-US\",\"@id\":\"https:\/\/bybone.com\/en\/#\/schema\/logo\/image\/\",\"url\":\"https:\/\/bybone.com\/wp-content\/uploads\/2023\/12\/logow300_white.png\",\"contentUrl\":\"https:\/\/bybone.com\/wp-content\/uploads\/2023\/12\/logow300_white.png\",\"width\":300,\"height\":193,\"caption\":\"BY BONE\"},\"image\":{\"@id\":\"https:\/\/bybone.com\/en\/#\/schema\/logo\/image\/\"},\"sameAs\":[\"https:\/\/www.facebook.com\/profile.php?id=100063149175574\",\"https:\/\/x.com\/bybonetr\",\"https:\/\/www.instagram.com\/bybone.tr\",\"https:\/\/www.linkedin.com\/company\/bybone\/\"]}]}<\/script>\n<!-- \/ Yoast SEO plugin. -->","yoast_head_json":{"title":"Career Application Form - BY BONE","robots":{"index":"index","follow":"follow","max-snippet":"max-snippet:-1","max-image-preview":"max-image-preview:large","max-video-preview":"max-video-preview:-1"},"canonical":"https:\/\/bybone.com\/en\/career-application-form\/","og_locale":"en_US","og_type":"article","og_title":"Career Application Form - BY BONE","og_description":"(*) Please enter the prioritized data in the required fields correctly. Please make sure that you fill in all the required fields in order to submit the form successfully. Bize Nereden Ula\u015ft\u0131n\u0131z? &#8212;L\u00fctfen bir se\u00e7enek se\u00e7in&#8212;Arkada\u015f\/Tan\u0131d\u0131k \u00d6nerisiMa\u011faza QR KodMa\u011faza YetkilisiKariyer.netSecretcvEleman.netLinkedin\u0130\u015fin OlsunInstagramDi\u011fer Ad\u0131n\u0131z Soyad\u0131n\u0131z Email Telefon Ya\u015fad\u0131\u011f\u0131n\u0131z \u015eehir \u0130l\u00e7e Do\u011fum Tarihi Cinsiyet &#8212;L\u00fctfen bir se\u00e7enek se\u00e7in&#8212;Kad\u0131nErkek [&hellip;]","og_url":"https:\/\/bybone.com\/en\/career-application-form\/","og_site_name":"BY BONE","article_publisher":"https:\/\/www.facebook.com\/profile.php?id=100063149175574","article_modified_time":"2025-01-23T12:28:06+00:00","twitter_card":"summary_large_image","twitter_site":"@bybonetr","twitter_misc":{"Est. reading time":"1 minute"},"schema":{"@context":"https:\/\/schema.org","@graph":[{"@type":"WebPage","@id":"https:\/\/bybone.com\/en\/career-application-form\/","url":"https:\/\/bybone.com\/en\/career-application-form\/","name":"Career Application Form - BY BONE","isPartOf":{"@id":"https:\/\/bybone.com\/en\/#website"},"datePublished":"2025-01-21T08:36:28+00:00","dateModified":"2025-01-23T12:28:06+00:00","breadcrumb":{"@id":"https:\/\/bybone.com\/en\/career-application-form\/#breadcrumb"},"inLanguage":"en-US","potentialAction":[{"@type":"ReadAction","target":["https:\/\/bybone.com\/en\/career-application-form\/"]}]},{"@type":"BreadcrumbList","@id":"https:\/\/bybone.com\/en\/career-application-form\/#breadcrumb","itemListElement":[{"@type":"ListItem","position":1,"name":"Anasayfa","item":"https:\/\/bybone.com\/en\/"},{"@type":"ListItem","position":2,"name":"Career Application Form"}]},{"@type":"WebSite","@id":"https:\/\/bybone.com\/en\/#website","url":"https:\/\/bybone.com\/en\/","name":"BY BONE","description":"","publisher":{"@id":"https:\/\/bybone.com\/en\/#organization"},"potentialAction":[{"@type":"SearchAction","target":{"@type":"EntryPoint","urlTemplate":"https:\/\/bybone.com\/en\/?s={search_term_string}"},"query-input":{"@type":"PropertyValueSpecification","valueRequired":true,"valueName":"search_term_string"}}],"inLanguage":"en-US"},{"@type":"Organization","@id":"https:\/\/bybone.com\/en\/#organization","name":"BY BONE","url":"https:\/\/bybone.com\/en\/","logo":{"@type":"ImageObject","inLanguage":"en-US","@id":"https:\/\/bybone.com\/en\/#\/schema\/logo\/image\/","url":"https:\/\/bybone.com\/wp-content\/uploads\/2023\/12\/logow300_white.png","contentUrl":"https:\/\/bybone.com\/wp-content\/uploads\/2023\/12\/logow300_white.png","width":300,"height":193,"caption":"BY BONE"},"image":{"@id":"https:\/\/bybone.com\/en\/#\/schema\/logo\/image\/"},"sameAs":["https:\/\/www.facebook.com\/profile.php?id=100063149175574","https:\/\/x.com\/bybonetr","https:\/\/www.instagram.com\/bybone.tr","https:\/\/www.linkedin.com\/company\/bybone\/"]}]}},"_links":{"self":[{"href":"https:\/\/bybone.com\/en\/wp-json\/wp\/v2\/pages\/63868","targetHints":{"allow":["GET"]}}],"collection":[{"href":"https:\/\/bybone.com\/en\/wp-json\/wp\/v2\/pages"}],"about":[{"href":"https:\/\/bybone.com\/en\/wp-json\/wp\/v2\/types\/page"}],"author":[{"embeddable":true,"href":"https:\/\/bybone.com\/en\/wp-json\/wp\/v2\/users\/1"}],"replies":[{"embeddable":true,"href":"https:\/\/bybone.com\/en\/wp-json\/wp\/v2\/comments?post=63868"}],"version-history":[{"count":7,"href":"https:\/\/bybone.com\/en\/wp-json\/wp\/v2\/pages\/63868\/revisions"}],"predecessor-version":[{"id":63911,"href":"https:\/\/bybone.com\/en\/wp-json\/wp\/v2\/pages\/63868\/revisions\/63911"}],"wp:attachment":[{"href":"https:\/\/bybone.com\/en\/wp-json\/wp\/v2\/media?parent=63868"}],"curies":[{"name":"wp","href":"https:\/\/api.w.org\/{rel}","templated":true}]}}