{"id":58841,"date":"2024-01-25T13:02:05","date_gmt":"2024-01-25T13:02:05","guid":{"rendered":"http:\/\/bybone.com\/urun\/luna-flat-plate-15-cm\/"},"modified":"2024-01-25T08:34:56","modified_gmt":"2024-01-25T08:34:56","slug":"luna-flat-plate-15-cm","status":"publish","type":"product","link":"https:\/\/bybone.com\/en\/product\/luna-flat-plate-15-cm\/","title":{"rendered":"Luna Zest Flat Plate 15 cm"},"content":{"rendered":"<h2 class=\"wp-block-heading\">Luna Zest Flat Plate 15 cm<\/h2>\n<figure class=\"wp-block-table is-style-stripes\">\n<table class=\"has-fixed-layout\">\n<thead>\n<tr>\n<th class=\"has-text-align-center\" data-align=\"center\">SKU<\/th>\n<th class=\"has-text-align-center\" data-align=\"center\">\u00d6l\u00e7\u00fc (Size)<\/th>\n<th class=\"has-text-align-center\" data-align=\"center\">Kutu \u0130\u00e7eri\u011fi (Box Inner)<\/th>\n<\/tr>\n<\/thead>\n<tbody>\n<tr>\n<td class=\"has-text-align-center\" data-align=\"center\">LN-ZT-15-DZ<\/td>\n<td class=\"has-text-align-center\" data-align=\"center\">15 cm<\/td>\n<td class=\"has-text-align-center\" data-align=\"center\">12<i class=\"fa-brands fa-dropbox\" \/><\/td>\n<\/tr>\n<\/tbody>\n<\/table>\n<\/figure>\n","protected":false},"excerpt":{"rendered":"<h2 class=\"wp-block-heading\">Luna Zest Flat Plate 15 cm<\/h2>\n<figure class=\"wp-block-table is-style-stripes\">\n<table class=\"has-fixed-layout\">\n<thead>\n<tr>\n<th class=\"has-text-align-center\" data-align=\"center\">SKU<\/th>\n<th class=\"has-text-align-center\" data-align=\"center\">\u00d6l\u00e7\u00fc (Size)<\/th>\n<th class=\"has-text-align-center\" data-align=\"center\">Kutu \u0130\u00e7eri\u011fi (Box Inner)<\/th>\n<\/tr>\n<\/thead>\n<tbody>\n<tr>\n<td class=\"has-text-align-center\" data-align=\"center\">LN-ZT-15-DZ<\/td>\n<td class=\"has-text-align-center\" data-align=\"center\">15 cm<\/td>\n<td class=\"has-text-align-center\" data-align=\"center\">12<i class=\"fa-brands fa-dropbox\" \/><\/td>\n<\/tr>\n<\/tbody>\n<\/table>\n<\/figure>\n","protected":false},"featured_media":17885,"template":"","meta":{"_acf_changed":false},"product_brand":[],"product_cat":[310],"product_tag":[],"class_list":{"0":"post-58841","1":"product","2":"type-product","3":"status-publish","4":"has-post-thumbnail","6":"product_cat-luna-en","8":"first","9":"instock","10":"product-type-simple"},"acf":[],"yoast_head":"<!-- This site is optimized with the Yoast SEO plugin v24.4 - https:\/\/yoast.com\/wordpress\/plugins\/seo\/ -->\n<title>Luna Zest Flat Plate 15 cm - BY BONE<\/title>\n<meta name=\"robots\" content=\"index, follow, max-snippet:-1, max-image-preview:large, max-video-preview:-1\" \/>\n<link rel=\"canonical\" href=\"https:\/\/bybone.com\/en\/product\/luna-flat-plate-15-cm\/\" \/>\n<meta property=\"og:locale\" content=\"en_US\" \/>\n<meta property=\"og:type\" content=\"article\" \/>\n<meta property=\"og:title\" content=\"Luna Zest Flat Plate 15 cm - BY BONE\" \/>\n<meta property=\"og:description\" content=\"Luna Zest Flat Plate 15 cmSKU\u00d6l\u00e7\u00fc (Size)Kutu \u0130\u00e7eri\u011fi (Box Inner)LN-ZT-15-DZ15 cm12\" \/>\n<meta property=\"og:url\" content=\"https:\/\/bybone.com\/en\/product\/luna-flat-plate-15-cm\/\" \/>\n<meta property=\"og:site_name\" content=\"BY BONE\" \/>\n<meta property=\"article:publisher\" content=\"https:\/\/www.facebook.com\/profile.php?id=100063149175574\" \/>\n<meta property=\"og:image\" content=\"https:\/\/bybone.com\/wp-content\/uploads\/temp\/LN-ZT-15-DZ.jpg\" \/>\n\t<meta property=\"og:image:width\" content=\"1714\" \/>\n\t<meta property=\"og:image:height\" content=\"1714\" \/>\n\t<meta property=\"og:image:type\" content=\"image\/jpeg\" \/>\n<meta name=\"twitter:card\" content=\"summary_large_image\" \/>\n<meta name=\"twitter:site\" content=\"@bybonetr\" \/>\n<script type=\"application\/ld+json\" class=\"yoast-schema-graph\">{\"@context\":\"https:\/\/schema.org\",\"@graph\":[{\"@type\":\"WebPage\",\"@id\":\"https:\/\/bybone.com\/en\/product\/luna-flat-plate-15-cm\/\",\"url\":\"https:\/\/bybone.com\/en\/product\/luna-flat-plate-15-cm\/\",\"name\":\"Luna Zest Flat Plate 15 cm - BY BONE\",\"isPartOf\":{\"@id\":\"https:\/\/bybone.com\/en\/#website\"},\"primaryImageOfPage\":{\"@id\":\"https:\/\/bybone.com\/en\/product\/luna-flat-plate-15-cm\/#primaryimage\"},\"image\":{\"@id\":\"https:\/\/bybone.com\/en\/product\/luna-flat-plate-15-cm\/#primaryimage\"},\"thumbnailUrl\":\"https:\/\/bybone.com\/wp-content\/uploads\/temp\/LN-ZT-15-DZ.jpg\",\"datePublished\":\"2024-01-25T13:02:05+00:00\",\"breadcrumb\":{\"@id\":\"https:\/\/bybone.com\/en\/product\/luna-flat-plate-15-cm\/#breadcrumb\"},\"inLanguage\":\"en-US\",\"potentialAction\":[{\"@type\":\"ReadAction\",\"target\":[\"https:\/\/bybone.com\/en\/product\/luna-flat-plate-15-cm\/\"]}]},{\"@type\":\"ImageObject\",\"inLanguage\":\"en-US\",\"@id\":\"https:\/\/bybone.com\/en\/product\/luna-flat-plate-15-cm\/#primaryimage\",\"url\":\"https:\/\/bybone.com\/wp-content\/uploads\/temp\/LN-ZT-15-DZ.jpg\",\"contentUrl\":\"https:\/\/bybone.com\/wp-content\/uploads\/temp\/LN-ZT-15-DZ.jpg\",\"width\":1714,\"height\":1714},{\"@type\":\"BreadcrumbList\",\"@id\":\"https:\/\/bybone.com\/en\/product\/luna-flat-plate-15-cm\/#breadcrumb\",\"itemListElement\":[{\"@type\":\"ListItem\",\"position\":1,\"name\":\"Anasayfa\",\"item\":\"https:\/\/bybone.com\/en\/\"},{\"@type\":\"ListItem\",\"position\":2,\"name\":\"Collection\",\"item\":\"https:\/\/bybone.com\/en\/collections\/\"},{\"@type\":\"ListItem\",\"position\":3,\"name\":\"Luna FLAT PLATE 15 cm\"}]},{\"@type\":\"WebSite\",\"@id\":\"https:\/\/bybone.com\/en\/#website\",\"url\":\"https:\/\/bybone.com\/en\/\",\"name\":\"BY BONE\",\"description\":\"\",\"publisher\":{\"@id\":\"https:\/\/bybone.com\/en\/#organization\"},\"potentialAction\":[{\"@type\":\"SearchAction\",\"target\":{\"@type\":\"EntryPoint\",\"urlTemplate\":\"https:\/\/bybone.com\/en\/?s={search_term_string}\"},\"query-input\":{\"@type\":\"PropertyValueSpecification\",\"valueRequired\":true,\"valueName\":\"search_term_string\"}}],\"inLanguage\":\"en-US\"},{\"@type\":\"Organization\",\"@id\":\"https:\/\/bybone.com\/en\/#organization\",\"name\":\"BY BONE\",\"url\":\"https:\/\/bybone.com\/en\/\",\"logo\":{\"@type\":\"ImageObject\",\"inLanguage\":\"en-US\",\"@id\":\"https:\/\/bybone.com\/en\/#\/schema\/logo\/image\/\",\"url\":\"https:\/\/bybone.com\/wp-content\/uploads\/2023\/12\/logow300_white.png\",\"contentUrl\":\"https:\/\/bybone.com\/wp-content\/uploads\/2023\/12\/logow300_white.png\",\"width\":300,\"height\":193,\"caption\":\"BY BONE\"},\"image\":{\"@id\":\"https:\/\/bybone.com\/en\/#\/schema\/logo\/image\/\"},\"sameAs\":[\"https:\/\/www.facebook.com\/profile.php?id=100063149175574\",\"https:\/\/x.com\/bybonetr\",\"https:\/\/www.instagram.com\/bybone.tr\",\"https:\/\/www.linkedin.com\/company\/bybone\/\"]}]}<\/script>\n<!-- \/ Yoast SEO plugin. -->","yoast_head_json":{"title":"Luna Zest Flat Plate 15 cm - BY BONE","robots":{"index":"index","follow":"follow","max-snippet":"max-snippet:-1","max-image-preview":"max-image-preview:large","max-video-preview":"max-video-preview:-1"},"canonical":"https:\/\/bybone.com\/en\/product\/luna-flat-plate-15-cm\/","og_locale":"en_US","og_type":"article","og_title":"Luna Zest Flat Plate 15 cm - BY BONE","og_description":"Luna Zest Flat Plate 15 cmSKU\u00d6l\u00e7\u00fc (Size)Kutu \u0130\u00e7eri\u011fi (Box Inner)LN-ZT-15-DZ15 cm12","og_url":"https:\/\/bybone.com\/en\/product\/luna-flat-plate-15-cm\/","og_site_name":"BY BONE","article_publisher":"https:\/\/www.facebook.com\/profile.php?id=100063149175574","og_image":[{"width":1714,"height":1714,"url":"https:\/\/bybone.com\/wp-content\/uploads\/temp\/LN-ZT-15-DZ.jpg","type":"image\/jpeg"}],"twitter_card":"summary_large_image","twitter_site":"@bybonetr","schema":{"@context":"https:\/\/schema.org","@graph":[{"@type":"WebPage","@id":"https:\/\/bybone.com\/en\/product\/luna-flat-plate-15-cm\/","url":"https:\/\/bybone.com\/en\/product\/luna-flat-plate-15-cm\/","name":"Luna Zest Flat Plate 15 cm - BY BONE","isPartOf":{"@id":"https:\/\/bybone.com\/en\/#website"},"primaryImageOfPage":{"@id":"https:\/\/bybone.com\/en\/product\/luna-flat-plate-15-cm\/#primaryimage"},"image":{"@id":"https:\/\/bybone.com\/en\/product\/luna-flat-plate-15-cm\/#primaryimage"},"thumbnailUrl":"https:\/\/bybone.com\/wp-content\/uploads\/temp\/LN-ZT-15-DZ.jpg","datePublished":"2024-01-25T13:02:05+00:00","breadcrumb":{"@id":"https:\/\/bybone.com\/en\/product\/luna-flat-plate-15-cm\/#breadcrumb"},"inLanguage":"en-US","potentialAction":[{"@type":"ReadAction","target":["https:\/\/bybone.com\/en\/product\/luna-flat-plate-15-cm\/"]}]},{"@type":"ImageObject","inLanguage":"en-US","@id":"https:\/\/bybone.com\/en\/product\/luna-flat-plate-15-cm\/#primaryimage","url":"https:\/\/bybone.com\/wp-content\/uploads\/temp\/LN-ZT-15-DZ.jpg","contentUrl":"https:\/\/bybone.com\/wp-content\/uploads\/temp\/LN-ZT-15-DZ.jpg","width":1714,"height":1714},{"@type":"BreadcrumbList","@id":"https:\/\/bybone.com\/en\/product\/luna-flat-plate-15-cm\/#breadcrumb","itemListElement":[{"@type":"ListItem","position":1,"name":"Anasayfa","item":"https:\/\/bybone.com\/en\/"},{"@type":"ListItem","position":2,"name":"Collection","item":"https:\/\/bybone.com\/en\/collections\/"},{"@type":"ListItem","position":3,"name":"Luna FLAT PLATE 15 cm"}]},{"@type":"WebSite","@id":"https:\/\/bybone.com\/en\/#website","url":"https:\/\/bybone.com\/en\/","name":"BY BONE","description":"","publisher":{"@id":"https:\/\/bybone.com\/en\/#organization"},"potentialAction":[{"@type":"SearchAction","target":{"@type":"EntryPoint","urlTemplate":"https:\/\/bybone.com\/en\/?s={search_term_string}"},"query-input":{"@type":"PropertyValueSpecification","valueRequired":true,"valueName":"search_term_string"}}],"inLanguage":"en-US"},{"@type":"Organization","@id":"https:\/\/bybone.com\/en\/#organization","name":"BY BONE","url":"https:\/\/bybone.com\/en\/","logo":{"@type":"ImageObject","inLanguage":"en-US","@id":"https:\/\/bybone.com\/en\/#\/schema\/logo\/image\/","url":"https:\/\/bybone.com\/wp-content\/uploads\/2023\/12\/logow300_white.png","contentUrl":"https:\/\/bybone.com\/wp-content\/uploads\/2023\/12\/logow300_white.png","width":300,"height":193,"caption":"BY BONE"},"image":{"@id":"https:\/\/bybone.com\/en\/#\/schema\/logo\/image\/"},"sameAs":["https:\/\/www.facebook.com\/profile.php?id=100063149175574","https:\/\/x.com\/bybonetr","https:\/\/www.instagram.com\/bybone.tr","https:\/\/www.linkedin.com\/company\/bybone\/"]}]}},"_links":{"self":[{"href":"https:\/\/bybone.com\/en\/wp-json\/wp\/v2\/product\/58841","targetHints":{"allow":["GET"]}}],"collection":[{"href":"https:\/\/bybone.com\/en\/wp-json\/wp\/v2\/product"}],"about":[{"href":"https:\/\/bybone.com\/en\/wp-json\/wp\/v2\/types\/product"}],"version-history":[{"count":1,"href":"https:\/\/bybone.com\/en\/wp-json\/wp\/v2\/product\/58841\/revisions"}],"predecessor-version":[{"id":58842,"href":"https:\/\/bybone.com\/en\/wp-json\/wp\/v2\/product\/58841\/revisions\/58842"}],"wp:featuredmedia":[{"embeddable":true,"href":"https:\/\/bybone.com\/en\/wp-json\/wp\/v2\/media\/17885"}],"wp:attachment":[{"href":"https:\/\/bybone.com\/en\/wp-json\/wp\/v2\/media?parent=58841"}],"wp:term":[{"taxonomy":"product_brand","embeddable":true,"href":"https:\/\/bybone.com\/en\/wp-json\/wp\/v2\/product_brand?post=58841"},{"taxonomy":"product_cat","embeddable":true,"href":"https:\/\/bybone.com\/en\/wp-json\/wp\/v2\/product_cat?post=58841"},{"taxonomy":"product_tag","embeddable":true,"href":"https:\/\/bybone.com\/en\/wp-json\/wp\/v2\/product_tag?post=58841"}],"curies":[{"name":"wp","href":"https:\/\/api.w.org\/{rel}","templated":true}]}}