{"id":58883,"date":"2024-01-25T13:02:13","date_gmt":"2024-01-25T13:02:13","guid":{"rendered":"http:\/\/bybone.com\/urun\/luna-deep-plate-21-cm-800cc\/"},"modified":"2024-04-25T12:31:36","modified_gmt":"2024-04-25T12:31:36","slug":"luna-deep-plate-21-cm-800cc","status":"publish","type":"product","link":"https:\/\/bybone.com\/en\/product\/luna-deep-plate-21-cm-800cc\/","title":{"rendered":"Luna Flavor Deep Plate 21 cm (800 cc)"},"content":{"rendered":"<h2 class=\"wp-block-heading\">Luna Flavor Deep Plate 21 cm (800 cc)<\/h2>\n<figure class=\"wp-block-table is-style-stripes\">\n<table class=\"has-fixed-layout\">\n<thead>\n<tr>\n<th class=\"has-text-align-center\" data-align=\"center\">SKU<\/th>\n<th class=\"has-text-align-center\" data-align=\"center\">\u00d6l\u00e7\u00fc (Size)<\/th>\n<th class=\"has-text-align-center\" data-align=\"center\">Kutu \u0130\u00e7eri\u011fi (Box Inner)<\/th>\n<\/tr>\n<\/thead>\n<tbody>\n<tr>\n<td class=\"has-text-align-center\" data-align=\"center\">LN-FL-21-CK<\/td>\n<td class=\"has-text-align-center\" data-align=\"center\">21 cm (800 cc)<\/td>\n<td class=\"has-text-align-center\" data-align=\"center\">6<i class=\"fa-brands fa-dropbox\" \/><\/td>\n<\/tr>\n<\/tbody>\n<\/table>\n<\/figure>\n","protected":false},"excerpt":{"rendered":"<h2 class=\"wp-block-heading\">Luna Flavor Deep Plate 21 cm (800 cc)<\/h2>\n<figure class=\"wp-block-table is-style-stripes\">\n<table class=\"has-fixed-layout\">\n<thead>\n<tr>\n<th class=\"has-text-align-center\" data-align=\"center\">SKU<\/th>\n<th class=\"has-text-align-center\" data-align=\"center\">\u00d6l\u00e7\u00fc (Size)<\/th>\n<th class=\"has-text-align-center\" data-align=\"center\">Kutu \u0130\u00e7eri\u011fi (Box Inner)<\/th>\n<\/tr>\n<\/thead>\n<tbody>\n<tr>\n<td class=\"has-text-align-center\" data-align=\"center\">LN-FL-21-CK<\/td>\n<td class=\"has-text-align-center\" data-align=\"center\">21 cm (800 cc)<\/td>\n<td class=\"has-text-align-center\" data-align=\"center\">6<i class=\"fa-brands fa-dropbox\" \/><\/td>\n<\/tr>\n<\/tbody>\n<\/table>\n<\/figure>\n","protected":false},"featured_media":61991,"template":"","meta":{"_acf_changed":false},"product_brand":[],"product_cat":[310],"product_tag":[],"class_list":{"0":"post-58883","1":"product","2":"type-product","3":"status-publish","4":"has-post-thumbnail","6":"product_cat-luna-en","8":"first","9":"instock","10":"product-type-simple"},"acf":[],"yoast_head":"<!-- This site is optimized with the Yoast SEO plugin v24.4 - https:\/\/yoast.com\/wordpress\/plugins\/seo\/ -->\n<title>Luna Flavor Deep Plate 21 cm (800 cc) - BY BONE<\/title>\n<meta name=\"robots\" content=\"index, follow, max-snippet:-1, max-image-preview:large, max-video-preview:-1\" \/>\n<link rel=\"canonical\" href=\"https:\/\/bybone.com\/en\/product\/luna-deep-plate-21-cm-800cc\/\" \/>\n<meta property=\"og:locale\" content=\"en_US\" \/>\n<meta property=\"og:type\" content=\"article\" \/>\n<meta property=\"og:title\" content=\"Luna Flavor Deep Plate 21 cm (800 cc) - BY BONE\" \/>\n<meta property=\"og:description\" content=\"Luna Flavor Deep Plate 21 cm (800 cc)SKU\u00d6l\u00e7\u00fc (Size)Kutu \u0130\u00e7eri\u011fi (Box Inner)LN-FL-21-CK21 cm (800 cc)6\" \/>\n<meta property=\"og:url\" content=\"https:\/\/bybone.com\/en\/product\/luna-deep-plate-21-cm-800cc\/\" \/>\n<meta property=\"og:site_name\" content=\"BY BONE\" \/>\n<meta property=\"article:publisher\" content=\"https:\/\/www.facebook.com\/profile.php?id=100063149175574\" \/>\n<meta property=\"article:modified_time\" content=\"2024-04-25T12:31:36+00:00\" \/>\n<meta property=\"og:image\" content=\"https:\/\/bybone.com\/wp-content\/uploads\/2024\/01\/Ekran-goruntusu-2024-04-25-145904.png\" \/>\n\t<meta property=\"og:image:width\" content=\"653\" \/>\n\t<meta property=\"og:image:height\" content=\"467\" \/>\n\t<meta property=\"og:image:type\" content=\"image\/png\" \/>\n<meta name=\"twitter:card\" content=\"summary_large_image\" \/>\n<meta name=\"twitter:site\" content=\"@bybonetr\" \/>\n<meta name=\"twitter:label1\" content=\"Est. reading time\" \/>\n\t<meta name=\"twitter:data1\" content=\"1 minute\" \/>\n<script type=\"application\/ld+json\" class=\"yoast-schema-graph\">{\"@context\":\"https:\/\/schema.org\",\"@graph\":[{\"@type\":\"WebPage\",\"@id\":\"https:\/\/bybone.com\/en\/product\/luna-deep-plate-21-cm-800cc\/\",\"url\":\"https:\/\/bybone.com\/en\/product\/luna-deep-plate-21-cm-800cc\/\",\"name\":\"Luna Flavor Deep Plate 21 cm (800 cc) - BY BONE\",\"isPartOf\":{\"@id\":\"https:\/\/bybone.com\/en\/#website\"},\"primaryImageOfPage\":{\"@id\":\"https:\/\/bybone.com\/en\/product\/luna-deep-plate-21-cm-800cc\/#primaryimage\"},\"image\":{\"@id\":\"https:\/\/bybone.com\/en\/product\/luna-deep-plate-21-cm-800cc\/#primaryimage\"},\"thumbnailUrl\":\"https:\/\/bybone.com\/wp-content\/uploads\/2024\/01\/Ekran-goruntusu-2024-04-25-145904.png\",\"datePublished\":\"2024-01-25T13:02:13+00:00\",\"dateModified\":\"2024-04-25T12:31:36+00:00\",\"breadcrumb\":{\"@id\":\"https:\/\/bybone.com\/en\/product\/luna-deep-plate-21-cm-800cc\/#breadcrumb\"},\"inLanguage\":\"en-US\",\"potentialAction\":[{\"@type\":\"ReadAction\",\"target\":[\"https:\/\/bybone.com\/en\/product\/luna-deep-plate-21-cm-800cc\/\"]}]},{\"@type\":\"ImageObject\",\"inLanguage\":\"en-US\",\"@id\":\"https:\/\/bybone.com\/en\/product\/luna-deep-plate-21-cm-800cc\/#primaryimage\",\"url\":\"https:\/\/bybone.com\/wp-content\/uploads\/2024\/01\/Ekran-goruntusu-2024-04-25-145904.png\",\"contentUrl\":\"https:\/\/bybone.com\/wp-content\/uploads\/2024\/01\/Ekran-goruntusu-2024-04-25-145904.png\",\"width\":653,\"height\":467},{\"@type\":\"BreadcrumbList\",\"@id\":\"https:\/\/bybone.com\/en\/product\/luna-deep-plate-21-cm-800cc\/#breadcrumb\",\"itemListElement\":[{\"@type\":\"ListItem\",\"position\":1,\"name\":\"Anasayfa\",\"item\":\"https:\/\/bybone.com\/en\/\"},{\"@type\":\"ListItem\",\"position\":2,\"name\":\"Collection\",\"item\":\"https:\/\/bybone.com\/en\/collections\/\"},{\"@type\":\"ListItem\",\"position\":3,\"name\":\"Luna Deep Plate 21 cm (800cc)\"}]},{\"@type\":\"WebSite\",\"@id\":\"https:\/\/bybone.com\/en\/#website\",\"url\":\"https:\/\/bybone.com\/en\/\",\"name\":\"BY BONE\",\"description\":\"\",\"publisher\":{\"@id\":\"https:\/\/bybone.com\/en\/#organization\"},\"potentialAction\":[{\"@type\":\"SearchAction\",\"target\":{\"@type\":\"EntryPoint\",\"urlTemplate\":\"https:\/\/bybone.com\/en\/?s={search_term_string}\"},\"query-input\":{\"@type\":\"PropertyValueSpecification\",\"valueRequired\":true,\"valueName\":\"search_term_string\"}}],\"inLanguage\":\"en-US\"},{\"@type\":\"Organization\",\"@id\":\"https:\/\/bybone.com\/en\/#organization\",\"name\":\"BY BONE\",\"url\":\"https:\/\/bybone.com\/en\/\",\"logo\":{\"@type\":\"ImageObject\",\"inLanguage\":\"en-US\",\"@id\":\"https:\/\/bybone.com\/en\/#\/schema\/logo\/image\/\",\"url\":\"https:\/\/bybone.com\/wp-content\/uploads\/2023\/12\/logow300_white.png\",\"contentUrl\":\"https:\/\/bybone.com\/wp-content\/uploads\/2023\/12\/logow300_white.png\",\"width\":300,\"height\":193,\"caption\":\"BY BONE\"},\"image\":{\"@id\":\"https:\/\/bybone.com\/en\/#\/schema\/logo\/image\/\"},\"sameAs\":[\"https:\/\/www.facebook.com\/profile.php?id=100063149175574\",\"https:\/\/x.com\/bybonetr\",\"https:\/\/www.instagram.com\/bybone.tr\",\"https:\/\/www.linkedin.com\/company\/bybone\/\"]}]}<\/script>\n<!-- \/ Yoast SEO plugin. -->","yoast_head_json":{"title":"Luna Flavor Deep Plate 21 cm (800 cc) - BY BONE","robots":{"index":"index","follow":"follow","max-snippet":"max-snippet:-1","max-image-preview":"max-image-preview:large","max-video-preview":"max-video-preview:-1"},"canonical":"https:\/\/bybone.com\/en\/product\/luna-deep-plate-21-cm-800cc\/","og_locale":"en_US","og_type":"article","og_title":"Luna Flavor Deep Plate 21 cm (800 cc) - BY BONE","og_description":"Luna Flavor Deep Plate 21 cm (800 cc)SKU\u00d6l\u00e7\u00fc (Size)Kutu \u0130\u00e7eri\u011fi (Box Inner)LN-FL-21-CK21 cm (800 cc)6","og_url":"https:\/\/bybone.com\/en\/product\/luna-deep-plate-21-cm-800cc\/","og_site_name":"BY BONE","article_publisher":"https:\/\/www.facebook.com\/profile.php?id=100063149175574","article_modified_time":"2024-04-25T12:31:36+00:00","og_image":[{"width":653,"height":467,"url":"https:\/\/bybone.com\/wp-content\/uploads\/2024\/01\/Ekran-goruntusu-2024-04-25-145904.png","type":"image\/png"}],"twitter_card":"summary_large_image","twitter_site":"@bybonetr","twitter_misc":{"Est. reading time":"1 minute"},"schema":{"@context":"https:\/\/schema.org","@graph":[{"@type":"WebPage","@id":"https:\/\/bybone.com\/en\/product\/luna-deep-plate-21-cm-800cc\/","url":"https:\/\/bybone.com\/en\/product\/luna-deep-plate-21-cm-800cc\/","name":"Luna Flavor Deep Plate 21 cm (800 cc) - BY BONE","isPartOf":{"@id":"https:\/\/bybone.com\/en\/#website"},"primaryImageOfPage":{"@id":"https:\/\/bybone.com\/en\/product\/luna-deep-plate-21-cm-800cc\/#primaryimage"},"image":{"@id":"https:\/\/bybone.com\/en\/product\/luna-deep-plate-21-cm-800cc\/#primaryimage"},"thumbnailUrl":"https:\/\/bybone.com\/wp-content\/uploads\/2024\/01\/Ekran-goruntusu-2024-04-25-145904.png","datePublished":"2024-01-25T13:02:13+00:00","dateModified":"2024-04-25T12:31:36+00:00","breadcrumb":{"@id":"https:\/\/bybone.com\/en\/product\/luna-deep-plate-21-cm-800cc\/#breadcrumb"},"inLanguage":"en-US","potentialAction":[{"@type":"ReadAction","target":["https:\/\/bybone.com\/en\/product\/luna-deep-plate-21-cm-800cc\/"]}]},{"@type":"ImageObject","inLanguage":"en-US","@id":"https:\/\/bybone.com\/en\/product\/luna-deep-plate-21-cm-800cc\/#primaryimage","url":"https:\/\/bybone.com\/wp-content\/uploads\/2024\/01\/Ekran-goruntusu-2024-04-25-145904.png","contentUrl":"https:\/\/bybone.com\/wp-content\/uploads\/2024\/01\/Ekran-goruntusu-2024-04-25-145904.png","width":653,"height":467},{"@type":"BreadcrumbList","@id":"https:\/\/bybone.com\/en\/product\/luna-deep-plate-21-cm-800cc\/#breadcrumb","itemListElement":[{"@type":"ListItem","position":1,"name":"Anasayfa","item":"https:\/\/bybone.com\/en\/"},{"@type":"ListItem","position":2,"name":"Collection","item":"https:\/\/bybone.com\/en\/collections\/"},{"@type":"ListItem","position":3,"name":"Luna Deep Plate 21 cm (800cc)"}]},{"@type":"WebSite","@id":"https:\/\/bybone.com\/en\/#website","url":"https:\/\/bybone.com\/en\/","name":"BY BONE","description":"","publisher":{"@id":"https:\/\/bybone.com\/en\/#organization"},"potentialAction":[{"@type":"SearchAction","target":{"@type":"EntryPoint","urlTemplate":"https:\/\/bybone.com\/en\/?s={search_term_string}"},"query-input":{"@type":"PropertyValueSpecification","valueRequired":true,"valueName":"search_term_string"}}],"inLanguage":"en-US"},{"@type":"Organization","@id":"https:\/\/bybone.com\/en\/#organization","name":"BY BONE","url":"https:\/\/bybone.com\/en\/","logo":{"@type":"ImageObject","inLanguage":"en-US","@id":"https:\/\/bybone.com\/en\/#\/schema\/logo\/image\/","url":"https:\/\/bybone.com\/wp-content\/uploads\/2023\/12\/logow300_white.png","contentUrl":"https:\/\/bybone.com\/wp-content\/uploads\/2023\/12\/logow300_white.png","width":300,"height":193,"caption":"BY BONE"},"image":{"@id":"https:\/\/bybone.com\/en\/#\/schema\/logo\/image\/"},"sameAs":["https:\/\/www.facebook.com\/profile.php?id=100063149175574","https:\/\/x.com\/bybonetr","https:\/\/www.instagram.com\/bybone.tr","https:\/\/www.linkedin.com\/company\/bybone\/"]}]}},"_links":{"self":[{"href":"https:\/\/bybone.com\/en\/wp-json\/wp\/v2\/product\/58883","targetHints":{"allow":["GET"]}}],"collection":[{"href":"https:\/\/bybone.com\/en\/wp-json\/wp\/v2\/product"}],"about":[{"href":"https:\/\/bybone.com\/en\/wp-json\/wp\/v2\/types\/product"}],"version-history":[{"count":2,"href":"https:\/\/bybone.com\/en\/wp-json\/wp\/v2\/product\/58883\/revisions"}],"predecessor-version":[{"id":62013,"href":"https:\/\/bybone.com\/en\/wp-json\/wp\/v2\/product\/58883\/revisions\/62013"}],"wp:featuredmedia":[{"embeddable":true,"href":"https:\/\/bybone.com\/en\/wp-json\/wp\/v2\/media\/61991"}],"wp:attachment":[{"href":"https:\/\/bybone.com\/en\/wp-json\/wp\/v2\/media?parent=58883"}],"wp:term":[{"taxonomy":"product_brand","embeddable":true,"href":"https:\/\/bybone.com\/en\/wp-json\/wp\/v2\/product_brand?post=58883"},{"taxonomy":"product_cat","embeddable":true,"href":"https:\/\/bybone.com\/en\/wp-json\/wp\/v2\/product_cat?post=58883"},{"taxonomy":"product_tag","embeddable":true,"href":"https:\/\/bybone.com\/en\/wp-json\/wp\/v2\/product_tag?post=58883"}],"curies":[{"name":"wp","href":"https:\/\/api.w.org\/{rel}","templated":true}]}}